{"id":2054,"date":"2021-01-12T16:32:12","date_gmt":"2021-01-12T15:32:12","guid":{"rendered":"https:\/\/www.ambicogroup.com\/privacy-policy\/"},"modified":"2023-10-31T17:47:19","modified_gmt":"2023-10-31T16:47:19","slug":"privacy-policy","status":"publish","type":"page","link":"https:\/\/www.ambicogroup.com\/en\/privacy-policy\/","title":{"rendered":"Privacy Policy"},"content":{"rendered":"\n<div class=\"wp-block-group container\"><div class=\"wp-block-group__inner-container is-layout-flow wp-block-group-is-layout-flow\">\n<h3 class=\"wp-block-heading\"><strong>Informazioni sul trattamento dei dati personali<\/strong><\/h3>\n\n\n\n<p><em>Ai sensi degli artt. 13 e 14 del GDPR UE 2016\/679 \u201cRegolamento (UE) del Parlamento Europeo e del Consiglio del 27\/04\/2016 relativo alla protezione delle persone fisiche con riguardo al trattamento dei dati personali, nonch\u00e9 alla libera circolazione di tali dati\u201d<\/em><\/p>\n\n\n\n<p><strong>PERCH\u00c9 QUESTE INFORMAZIONI?<\/strong><\/p>\n\n\n\n<p>Ai sensi e per gli effetti degli articoli 13 e 14 del GDPR UE 2016\/679 (nuovo Regolamento Europeo per la protezione dei dati personali, di seguito \u201cRegolamento\u201d), questo documento intende fornirLe tutte le informazioni circa il trattamento dei dati personali ed i Suoi diritti come interessato del trattamento ai sensi dell\u2019art. 4 in quanto visitatore di uno dei siti web di <strong>Ambico &#8211; Ambiente Consulenza S.r.l.<\/strong><\/p>\n\n\n\n<p><strong>TITOLARE DEL TRATTAMENTO DEI DATI PERSONALI<\/strong><\/p>\n\n\n\n<p><strong>Ambico &#8211; Ambiente Consulenza S.r.l.<\/strong>, sede legale: Piazza G. Salvemini, 2 &#8211; 35131\u00a0Padova (PD), C.F.\/P.IVA:\u00a004453530281, Codice Univoco: USAL8PV, Domicilio digitale\/PEC:\u00a0<a href=\"mailto:ambienteconsulenza@pec.it\" target=\"_blank\" rel=\"noreferrer noopener\">ambienteconsulenza@pec.it<\/a>, e-mail: <a href=\"mailto:info@ambicogroup.it\">info@ambicogroup.it<\/a>, Numero REA: PD &#8211; 390805, (di seguito anche indicata semplicemente come \u201cTitolare\u201d);<\/p>\n\n\n\n<p><strong>DATI PERSONALI OGGETTO DI TRATTAMENTO<\/strong><\/p>\n\n\n\n<p><em><strong>Dati relativi alla navigazione sul sito<\/strong><\/em>: I sistemi informatici e le procedure software preposte al funzionamento di questo sito web acquisiscono, nel corso del loro normale esercizio, alcuni dati personali la cui trasmissione \u00e8 implicita nell\u2019uso dei protocolli di comunicazione di Internet. In questa categoria di dati rientrano: gli indirizzi IP, il tipo di browser utilizzato, il sistema operativo, il nome di dominio e gli indirizzi di siti web dai quali \u00e8 stato effettuato l\u2019accesso, le informazioni sulle pagine visitate dagli utenti all\u2019interno del sito, l\u2019orario d\u2019accesso, la permanenza sulla singola pagina, l\u2019analisi di percorso interno ed altri parametri relativi al sistema operativo e all\u2019ambiente informatico dell\u2019utente.<\/p>\n\n\n\n<p>Le informazioni non sono raccolte per essere associate ad interessati identificati, ma qualora venissero incrociate con altre informazioni o dati detenuti, anche da terzi, possono portare all\u2019identificazione dell\u2019utente.<\/p>\n\n\n\n<p>Questi dati, utilizzati in forma aggregata, vengono custoditi per un periodo di 12 mesi al fine di disporre delle statistiche di utilizzo del sito web.<\/p>\n\n\n\n<p>Il conferimento di questi dati \u00e8 automatico e necessario per la corretta erogazione dei servizi accessibili via web; il trattamento di questi dati \u00e8 lecito in quanto necessario per rispondere alle richieste effettuate.<\/p>\n\n\n\n<p><strong><em>Dati forniti volontariamente dall\u2019utente<\/em>:<\/strong> l\u2019invio facoltativo, esplicito e volontario di messaggi di posta elettronica agli indirizzi reperibili sul sito comporta automaticamente l\u2019acquisizione dei dati personali che compaiono nel corpo del messaggio e dell\u2019indirizzo di posta; tali dati verranno utilizzati solo ed esclusivamente per fornire le risposte richieste.<\/p>\n\n\n\n<p>Inoltre le risposta alle richieste facoltative, esplicite e volontarie che provengono tramite la form di contatto presente sul sito, richiede l\u2019acquisizione dei dati personali acquisiti con il consenso dell\u2019interessato; tali dati verranno utilizzati solo ed esclusivamente per fornire le risposte richieste.<\/p>\n\n\n\n<p><strong><em>Dati per iscrizione alla newsletter o per ricevere gratuitamente gli e-book<\/em>:<\/strong> i dati forniti per la ricezione della newsletter da parte dell\u2019utente verranno utilizzati anche per la finalit\u00e0 di invio di materiale promozionale e pubblicitario inerente prodotti e servizi dal Titolare previo consenso dell\u2019interessato; i dati saranno trattati fino a revoca del consenso.<\/p>\n\n\n\n<p><strong><em>Dati per iscrizione all\u2019area riservata del sito e per il commercio elettronico<\/em>:<\/strong> i dati forniti volontariamente dall\u2019interessato per l\u2019iscrizione all\u2019area riservata del sito web sono utilizzati solo ed esclusivamente per identificare l\u2019interessato stesso tramite autenticazione informatica; tali dati sono acquisiti previo consenso dell\u2019interessato.<\/p>\n\n\n\n<p>I dati saranno trattati fino a revoca del consenso.<\/p>\n\n\n\n<h4 class=\"wp-block-heading\"><strong>FINALITA\u2019 E BASE GIURIDICA DEI TRATTAMENTI<\/strong><\/h4>\n\n\n\n<div style=\"height:20px\" aria-hidden=\"true\" class=\"wp-block-spacer\"><\/div>\n\n\n\n<figure class=\"wp-block-table is-style-stripes\"><table><tbody><tr><td><strong>FINALITA&#8217;<\/strong><\/td><td><strong>BASE GIURIDICA<\/strong><\/td><\/tr><tr><td>Fornire il servizio richiesto dall\u2019utente ovverosia la navigazione sul sito, gestire i contratti perfezionati dall\u2019utente, espletare i relativi adempimenti amministrativi, contabili, fiscali e legali, nonch\u00e9 evadere le richieste inoltrate volontariamente via mail dall\u2019utente agli indirizzi che si possono reperire sul sito.<\/td><td>I trattamenti posti in essere per queste finalit\u00e0 sono necessari per l\u2019adempimento di obblighi contrattuali e non necessitano di uno specifico consenso da parte dell\u2019interessato.<\/td><\/tr><tr><td>Evadere le eventuali richieste che possono essere inviate tramite il sito web nella pagina \u201cContatti\u201d.<\/td><td>Consenso da parte dell\u2019interessato.<\/td><\/tr><tr><td>Invio di newsletter ed altre comunicazioni commerciali a seguito dell\u2019iscrizione alla mailing list tramite il sito web o a seguito della richiesta di ricevere prodotti quali ad esempio e-book a titolo gratuito.<\/td><td>Consenso da parte dell\u2019interessato.<\/td><\/tr><tr><td>Fornire l\u2019accesso all\u2019area riservata del sito che contiene informazioni circa i prodotti ed i servizi dell\u2019azienda.<\/td><td>Consenso da parte dell\u2019interessato.<\/td><\/tr><tr><td>Fornire l\u2019accesso all\u2019area riservata del sito di commercio elettronico.<\/td><td>Consenso da parte dell\u2019interessato.<\/td><\/tr><tr><td>Rilevare l\u2019esperienza d\u2019uso dell\u2019utente sul sito web ed assicurare il corretto funzionamento delle pagine web e dei loro contenuti.<\/td><td>I trattamenti posti in essere per queste finalit\u00e0 si basano su un legittimo interesse del Titolare.<\/td><\/tr><tr><td>Profilazione remarketing\/retargeting.<\/td><td>Consenso da parte dell\u2019interessato tramite click di accettazione sul banner.<\/td><\/tr><\/tbody><\/table><\/figure>\n\n\n\n<div style=\"height:20px\" aria-hidden=\"true\" class=\"wp-block-spacer\"><\/div>\n\n\n\n<p><strong>TIPI DI DATI TRATTATI E CONSERVAZIONE DEI DATI<\/strong><\/p>\n\n\n\n<p>Il Titolare tratter\u00e0 i seguenti dati:<\/p>\n\n\n\n<ul class=\"wp-block-list\">\n<li>Dati anagrafici (come ad esempio, nome, cognome, indirizzo di residenza)<\/li>\n\n\n\n<li>Dati di contatto quali numeri di telefono, e indirizzi di posta elettronica;<\/li>\n\n\n\n<li>Pagine del sito visitate;<\/li>\n\n\n\n<li>Eventuali dati inseriti volontariamente dall\u2019interessato;<\/li>\n\n\n\n<li>Dati acquisiti tramite i cookies;<\/li>\n<\/ul>\n\n\n\n<p>Tutti i dati sono raccolti presso l\u2019interessato.<\/p>\n\n\n\n<p>I dati saranno conservati per un periodo di tempo non superiore al conseguimento delle finalit\u00e0 indicate sopra; all\u2019esaurirsi delle finalit\u00e0 per le quali i dati sono stati raccolti, i dati verranno cancellati o distrutti o anonimizzati.<\/p>\n\n\n\n<p><strong>DESTINATARI E CATEGORIE DI DESTINATARI, AMBITO DI DIFFUSIONE DEI DATI<\/strong><\/p>\n\n\n\n<p>I dati sono accessibili al personale del Titolare ed ai suoi collaboratori, che agiscono ed accedono ai dati sulla base di specifiche istruzioni fornite relativamente alle finalit\u00e0 da perseguire ed in base alle modalit\u00e0 di trattamento; il personale ed i collaboratori sono vincolati alla riservatezza dei dati di cui venissero a conoscenza durante le attivit\u00e0 prestate per conto del Titolare.<\/p>\n\n\n\n<p>Ai sensi dell\u2019art. 28 del Regolamento, i dati raccolti possono anche essere destinati anche ad alcuni Responsabili del Trattamento quali ad esempio professionisti coinvolti nei servizi erogati dal Titolare, societ\u00e0 di servizi informatici, sistemisti e sviluppatori.<\/p>\n\n\n\n<p>L\u2019elenco dei soggetti incaricati come Responsabili del Trattamento \u00e8 disponibile su richiesta presso la sede del Titolare.<\/p>\n\n\n\n<p><strong>TRASFERIMENTO EXTRA UE DEI DATI TRATTATI<\/strong><\/p>\n\n\n\n<p>I dati potrebbero essere trasferiti a destinatari che si trovano al di fuori della UE, ma nel pieno rispetto del GDPR UE 2016\/679 sulla base di una decisione di adeguatezza della Commissione Europea, sulla base delle Binding Corporate Rules o delle Standard Model Clauses.<\/p>\n\n\n\n<p>Maggiori informazioni e copia degli accordi sono disponibili presso la sede del Titolare.<\/p>\n\n\n\n<p>Limitatamente ai dati caricati sui social network, i dati potrebbero essere trasferiti negli Stati Uniti d\u2019America per mezzo del Privacy Shield adottato dalla Commissione Europea il 12 Luglio 2016.<\/p>\n\n\n\n<p><strong>DIRITTI DELL\u2019INTERESSATO<\/strong><\/p>\n\n\n\n<p>I soggetti interessati hanno diritto a chiedere al Titolare:<\/p>\n\n\n\n<p><strong><em>l\u2019accesso<\/em><\/strong>: pu\u00f2 chiedere conferma che sia o meno in essere un trattamento di dati che la riguardano, oltre a maggiori chiarimenti circa le informazioni di cui alla presente Informativa, nonch\u00e9 di ricevere i dati stessi, nei limiti della ragionevolezza;<\/p>\n\n\n\n<p><strong><em>la rettifica<\/em><\/strong>: pu\u00f2 chiedere di rettificare o integrare i dati che ci ha fornito o comunque in nostro possesso, qualora inesatti;<\/p>\n\n\n\n<p><strong><em>la cancellazione\/oblio<\/em><\/strong>: pu\u00f2 chiedere che i suoi dati acquisiti o trattati dal Titolare vengano cancellati, qualora non siano pi\u00f9 necessari alle nostre finalit\u00e0 o laddove non vi siano contestazioni o controversie in essere, in caso di revoca del consenso o sua opposizione al trattamento, in caso di trattamento illecito, ovvero qualora sussista un obbligo legale di cancellazione;<\/p>\n\n\n\n<p><strong><em>la limitazione<\/em><\/strong>: pu\u00f2 chiedere la limitazione del trattamento dei suoi dati personali, quando ricorre una delle condizioni di cui all\u2019art. 18 del GDPR; in tal caso, i suoi dati non saranno trattati, salvo che per la conservazione, senza il suo consenso fatta eccezione per quanto esplicitato nel medesimo articolo al comma 2.<\/p>\n\n\n\n<p><strong><em>l\u2019opposizione<\/em><\/strong>: pu\u00f2 opporsi in qualunque momento al trattamento dei suoi dati sulla base di un nostro legittimo interesse, salvo che vi siano nostri motivi legittimi per procedere al trattamento che prevalgano sui suoi, per esempio per l\u2019esercizio o la nostra difesa in sede giudiziaria; la sua opposizione prevarr\u00e0 sempre e comunque sul nostro interesse legittimo;<\/p>\n\n\n\n<p><strong><em>&nbsp;la portabilit\u00e0<\/em><\/strong>: pu\u00f2 chiedere di ricevere i suoi dati, o di farli trasmettere ad altro titolare da lei indicato, in un formato strutturato, di uso comune e leggibile da dispositivo automatico.<\/p>\n\n\n\n<p>Per ulteriori informazioni o per l\u2019esercizio di cui sopra si potr\u00e0 rivolgere a:<\/p>\n\n\n\n<p><strong>Ambico &#8211; Ambiente Consulenza S.r.l.<\/strong>, sede legale: Piazza G. Salvemini, 2 &#8211; 35131\u00a0Padova (PD), C.F.\/P.IVA:\u00a004453530281, Codice Univoco: USAL8PV, Domicilio digitale\/PEC:\u00a0<a href=\"mailto:ambienteconsulenza@pec.it\" target=\"_blank\" rel=\"noreferrer noopener\">ambienteconsulenza@pec.it<\/a>, e-mail: <a href=\"mailto:info@ambicogroup.it\">info@ambicogroup.it<\/a><\/p>\n\n\n\n<p><strong>A CHI PROPORRE RECLAMO?<\/strong><\/p>\n\n\n\n<p>Fatta salva ogni altra azione in sede amministrativa o giudiziaria, Lei ha altres\u00ec il diritto di proporre reclamo all\u2019Autorit\u00e0 Garante per la Protezione dei Dati Personali come previsto ed indicato nell\u2019art. 77 del Regolamento o di adire le opportune sedi giudiziarie (art. 79 del Regolamento).<\/p>\n\n\n\n<p><strong>AGGIORNAMENTI DEL PRESENTE DOCUMENTO DI INFORMATIVA<\/strong><\/p>\n\n\n\n<p>Ogni aggiornamento del presente documento di informativa verr\u00e0 comunicato tempestivamente e con mezzi congrui e altrettanto verr\u00e0 comunicato se il Titolare decidesse di trattare i dati gi\u00e0 in suo possesso per finalit\u00e0 ulteriori a quelle indicate nel presente documento.<\/p>\n\n\n\n<p>Prima di procedere al trattamento verr\u00e0 preventivamente richiesto il consenso nei tempi e nei modi compatibili.<\/p>\n\n\n\n<p><strong>Modalit\u00e0 di esercizio dei diritti<\/strong><\/p>\n\n\n\n<p>Potr\u00e0 in qualsiasi momento esercitare i diritti inviando una comunicazione:<br><strong>Ambico &#8211; Ambiente Consulenza S.r.l.<\/strong>, sede legale: Piazza G. Salvemini, 2 &#8211; 35131\u00a0Padova (PD), C.F.\/P.IVA:\u00a004453530281, Codice Univoco: USAL8PV, Domicilio digitale\/PEC:\u00a0<a href=\"mailto:ambienteconsulenza@pec.it\" target=\"_blank\" rel=\"noreferrer noopener\">ambienteconsulenza@pec.it<\/a>, e-mail: <a href=\"mailto:info@ambicogroup.it\">info@ambicogroup.it<\/a><\/p>\n<\/div><\/div>\n","protected":false},"excerpt":{"rendered":"<p>Informazioni sul trattamento dei dati personali Ai sensi degli artt. 13 e 14 del GDPR UE 2016\/679 \u201cRegolamento (UE) del Parlamento Europeo e del Consiglio del 27\/04\/2016 relativo alla protezione delle persone fisiche con riguardo al trattamento dei dati personali, nonch\u00e9 alla libera circolazione di tali dati\u201d PERCH\u00c9 QUESTE INFORMAZIONI? Ai sensi e per gli [&hellip;]<\/p>\n","protected":false},"author":1,"featured_media":0,"parent":0,"menu_order":0,"comment_status":"closed","ping_status":"closed","template":"template-noheader.php","meta":{"_acf_changed":false,"inline_featured_image":false,"footnotes":""},"class_list":["post-2054","page","type-page","status-publish","hentry"],"acf":[],"yoast_head":"<title>Privacy Policy - Ambico<\/title>\n<meta name=\"robots\" content=\"index, follow, max-snippet:-1, max-image-preview:large, max-video-preview:-1\" \/>\n<link rel=\"canonical\" href=\"https:\/\/www.ambicogroup.com\/en\/privacy-policy\/\" \/>\n<meta property=\"og:locale\" content=\"en_US\" \/>\n<meta property=\"og:type\" content=\"article\" \/>\n<meta property=\"og:title\" content=\"Privacy Policy - Ambico\" \/>\n<meta property=\"og:description\" content=\"Informazioni sul trattamento dei dati personali Ai sensi degli artt. 13 e 14 del GDPR UE 2016\/679 \u201cRegolamento (UE) del Parlamento Europeo e del Consiglio del 27\/04\/2016 relativo alla protezione delle persone fisiche con riguardo al trattamento dei dati personali, nonch\u00e9 alla libera circolazione di tali dati\u201d PERCH\u00c9 QUESTE INFORMAZIONI? Ai sensi e per gli [&hellip;]\" \/>\n<meta property=\"og:url\" content=\"https:\/\/www.ambicogroup.com\/en\/privacy-policy\/\" \/>\n<meta property=\"og:site_name\" content=\"Ambico\" \/>\n<meta property=\"article:publisher\" content=\"https:\/\/www.facebook.com\/ambicogroup\" \/>\n<meta property=\"article:modified_time\" content=\"2023-10-31T16:47:19+00:00\" \/>\n<meta name=\"twitter:card\" content=\"summary_large_image\" \/>\n<meta name=\"twitter:label1\" content=\"Est. reading time\" \/>\n\t<meta name=\"twitter:data1\" content=\"8 minutes\" \/>\n<script type=\"application\/ld+json\" class=\"yoast-schema-graph\">{\"@context\":\"https:\/\/schema.org\",\"@graph\":[{\"@type\":\"WebPage\",\"@id\":\"https:\/\/www.ambicogroup.com\/en\/privacy-policy\/\",\"url\":\"https:\/\/www.ambicogroup.com\/en\/privacy-policy\/\",\"name\":\"Privacy Policy - Ambico\",\"isPartOf\":{\"@id\":\"https:\/\/www.ambicogroup.com\/en\/#website\"},\"datePublished\":\"2021-01-12T15:32:12+00:00\",\"dateModified\":\"2023-10-31T16:47:19+00:00\",\"breadcrumb\":{\"@id\":\"https:\/\/www.ambicogroup.com\/en\/privacy-policy\/#breadcrumb\"},\"inLanguage\":\"en-US\",\"potentialAction\":[{\"@type\":\"ReadAction\",\"target\":[\"https:\/\/www.ambicogroup.com\/en\/privacy-policy\/\"]}]},{\"@type\":\"BreadcrumbList\",\"@id\":\"https:\/\/www.ambicogroup.com\/en\/privacy-policy\/#breadcrumb\",\"itemListElement\":[{\"@type\":\"ListItem\",\"position\":1,\"name\":\"Home\",\"item\":\"https:\/\/www.ambicogroup.com\/en\/\"},{\"@type\":\"ListItem\",\"position\":2,\"name\":\"Privacy Policy\"}]},{\"@type\":\"WebSite\",\"@id\":\"https:\/\/www.ambicogroup.com\/en\/#website\",\"url\":\"https:\/\/www.ambicogroup.com\/en\/\",\"name\":\"Ambico\",\"description\":\"Financial Partner<br>for business development\",\"publisher\":{\"@id\":\"https:\/\/www.ambicogroup.com\/en\/#organization\"},\"potentialAction\":[{\"@type\":\"SearchAction\",\"target\":{\"@type\":\"EntryPoint\",\"urlTemplate\":\"https:\/\/www.ambicogroup.com\/en\/?s={search_term_string}\"},\"query-input\":{\"@type\":\"PropertyValueSpecification\",\"valueRequired\":true,\"valueName\":\"search_term_string\"}}],\"inLanguage\":\"en-US\"},{\"@type\":\"Organization\",\"@id\":\"https:\/\/www.ambicogroup.com\/en\/#organization\",\"name\":\"Ambico - Ambiente Consulenza S.r.l.\",\"url\":\"https:\/\/www.ambicogroup.com\/en\/\",\"logo\":{\"@type\":\"ImageObject\",\"inLanguage\":\"en-US\",\"@id\":\"https:\/\/www.ambicogroup.com\/en\/#\/schema\/logo\/image\/\",\"url\":\"https:\/\/www.ambicogroup.com\/wp-content\/uploads\/2021\/10\/logo-ambico-dark-svg.png\",\"contentUrl\":\"https:\/\/www.ambicogroup.com\/wp-content\/uploads\/2021\/10\/logo-ambico-dark-svg.png\",\"width\":89,\"height\":113,\"caption\":\"Ambico - Ambiente Consulenza S.r.l.\"},\"image\":{\"@id\":\"https:\/\/www.ambicogroup.com\/en\/#\/schema\/logo\/image\/\"},\"sameAs\":[\"https:\/\/www.facebook.com\/ambicogroup\",\"https:\/\/www.linkedin.com\/company\/ambico-group-srl\/\"]}]}<\/script>","yoast_head_json":{"title":"Privacy Policy - Ambico","robots":{"index":"index","follow":"follow","max-snippet":"max-snippet:-1","max-image-preview":"max-image-preview:large","max-video-preview":"max-video-preview:-1"},"canonical":"https:\/\/www.ambicogroup.com\/en\/privacy-policy\/","og_locale":"en_US","og_type":"article","og_title":"Privacy Policy - Ambico","og_description":"Informazioni sul trattamento dei dati personali Ai sensi degli artt. 13 e 14 del GDPR UE 2016\/679 \u201cRegolamento (UE) del Parlamento Europeo e del Consiglio del 27\/04\/2016 relativo alla protezione delle persone fisiche con riguardo al trattamento dei dati personali, nonch\u00e9 alla libera circolazione di tali dati\u201d PERCH\u00c9 QUESTE INFORMAZIONI? Ai sensi e per gli [&hellip;]","og_url":"https:\/\/www.ambicogroup.com\/en\/privacy-policy\/","og_site_name":"Ambico","article_publisher":"https:\/\/www.facebook.com\/ambicogroup","article_modified_time":"2023-10-31T16:47:19+00:00","twitter_card":"summary_large_image","twitter_misc":{"Est. reading time":"8 minutes"},"schema":{"@context":"https:\/\/schema.org","@graph":[{"@type":"WebPage","@id":"https:\/\/www.ambicogroup.com\/en\/privacy-policy\/","url":"https:\/\/www.ambicogroup.com\/en\/privacy-policy\/","name":"Privacy Policy - Ambico","isPartOf":{"@id":"https:\/\/www.ambicogroup.com\/en\/#website"},"datePublished":"2021-01-12T15:32:12+00:00","dateModified":"2023-10-31T16:47:19+00:00","breadcrumb":{"@id":"https:\/\/www.ambicogroup.com\/en\/privacy-policy\/#breadcrumb"},"inLanguage":"en-US","potentialAction":[{"@type":"ReadAction","target":["https:\/\/www.ambicogroup.com\/en\/privacy-policy\/"]}]},{"@type":"BreadcrumbList","@id":"https:\/\/www.ambicogroup.com\/en\/privacy-policy\/#breadcrumb","itemListElement":[{"@type":"ListItem","position":1,"name":"Home","item":"https:\/\/www.ambicogroup.com\/en\/"},{"@type":"ListItem","position":2,"name":"Privacy Policy"}]},{"@type":"WebSite","@id":"https:\/\/www.ambicogroup.com\/en\/#website","url":"https:\/\/www.ambicogroup.com\/en\/","name":"Ambico","description":"Financial Partner<br>for business development","publisher":{"@id":"https:\/\/www.ambicogroup.com\/en\/#organization"},"potentialAction":[{"@type":"SearchAction","target":{"@type":"EntryPoint","urlTemplate":"https:\/\/www.ambicogroup.com\/en\/?s={search_term_string}"},"query-input":{"@type":"PropertyValueSpecification","valueRequired":true,"valueName":"search_term_string"}}],"inLanguage":"en-US"},{"@type":"Organization","@id":"https:\/\/www.ambicogroup.com\/en\/#organization","name":"Ambico - Ambiente Consulenza S.r.l.","url":"https:\/\/www.ambicogroup.com\/en\/","logo":{"@type":"ImageObject","inLanguage":"en-US","@id":"https:\/\/www.ambicogroup.com\/en\/#\/schema\/logo\/image\/","url":"https:\/\/www.ambicogroup.com\/wp-content\/uploads\/2021\/10\/logo-ambico-dark-svg.png","contentUrl":"https:\/\/www.ambicogroup.com\/wp-content\/uploads\/2021\/10\/logo-ambico-dark-svg.png","width":89,"height":113,"caption":"Ambico - Ambiente Consulenza S.r.l."},"image":{"@id":"https:\/\/www.ambicogroup.com\/en\/#\/schema\/logo\/image\/"},"sameAs":["https:\/\/www.facebook.com\/ambicogroup","https:\/\/www.linkedin.com\/company\/ambico-group-srl\/"]}]}},"_links":{"self":[{"href":"https:\/\/www.ambicogroup.com\/en\/wp-json\/wp\/v2\/pages\/2054","targetHints":{"allow":["GET"]}}],"collection":[{"href":"https:\/\/www.ambicogroup.com\/en\/wp-json\/wp\/v2\/pages"}],"about":[{"href":"https:\/\/www.ambicogroup.com\/en\/wp-json\/wp\/v2\/types\/page"}],"author":[{"embeddable":true,"href":"https:\/\/www.ambicogroup.com\/en\/wp-json\/wp\/v2\/users\/1"}],"replies":[{"embeddable":true,"href":"https:\/\/www.ambicogroup.com\/en\/wp-json\/wp\/v2\/comments?post=2054"}],"version-history":[{"count":18,"href":"https:\/\/www.ambicogroup.com\/en\/wp-json\/wp\/v2\/pages\/2054\/revisions"}],"predecessor-version":[{"id":5440,"href":"https:\/\/www.ambicogroup.com\/en\/wp-json\/wp\/v2\/pages\/2054\/revisions\/5440"}],"wp:attachment":[{"href":"https:\/\/www.ambicogroup.com\/en\/wp-json\/wp\/v2\/media?parent=2054"}],"curies":[{"name":"wp","href":"https:\/\/api.w.org\/{rel}","templated":true}]}}